{"id":367,"date":"2025-08-30T17:23:19","date_gmt":"2025-08-30T15:23:19","guid":{"rendered":"http:\/\/www.volksliederbund.de\/?page_id=367"},"modified":"2025-08-30T17:24:53","modified_gmt":"2025-08-30T15:24:53","slug":"offentlichkeitsarbeit","status":"publish","type":"page","link":"https:\/\/www.volksliederbund.de\/?page_id=367","title":{"rendered":"\u00d6ffentlichkeitsarbeit"},"content":{"rendered":"<h3>Spenden\u00fcbergabe aus dem Erl\u00f6s des vorweihnachtlichen Singens im Dezember 2024<\/h3>\n<p>Im Dezember 2024 veranstaltete der Volksliederbund sein vorweihnachtliches Singen in der evangelischen Kirche in Fl\u00f6rsheim. Wie immer war der Eintritt frei. Es wurde statt dessen um ein Spende gebeten, die immer einem sozialen Zweck oder einer Einrichtung zugute kommt. Der Spendenerl\u00f6s war dieses Mal f\u00fcr die Tafel Hattersheim bestimmt, die auch f\u00fcr Fl\u00f6rsheim zust\u00e4ndig ist.&nbsp; Am 13.02.2025 konnte eine Summe in H\u00f6he von 800,00 Euro durch den 1.Vorsitzenden Peter Kluin, den 1. Schriftf\u00fchrer Rudolf Wagner und Kassenwart Wolfgang Warth an die Hattersheimer Tafel \u00fcbergeben werden. Allen Spenderinnen und Spendern herzlichen Dank.<\/p>\n<p>&nbsp;<\/p>\n<p>&nbsp;<\/p>\n","protected":false},"excerpt":{"rendered":"<p>Spenden\u00fcbergabe aus dem Erl\u00f6s des vorweihnachtlichen Singens im Dezember 2024 Im Dezember 2024 veranstaltete der Volksliederbund sein vorweihnachtliches Singen in der evangelischen Kirche in Fl\u00f6rsheim. Wie immer war der Eintritt frei. Es wurde statt dessen um ein Spende gebeten, die immer einem sozialen Zweck oder einer Einrichtung zugute kommt. Der Spendenerl\u00f6s war dieses Mal f\u00fcr [&hellip;]<\/p>\n","protected":false},"author":2,"featured_media":0,"parent":0,"menu_order":0,"comment_status":"closed","ping_status":"closed","template":"","meta":{"ngg_post_thumbnail":0,"footnotes":""},"class_list":["post-367","page","type-page","status-publish","hentry"],"jetpack_sharing_enabled":true,"_links":{"self":[{"href":"https:\/\/www.volksliederbund.de\/index.php?rest_route=\/wp\/v2\/pages\/367","targetHints":{"allow":["GET"]}}],"collection":[{"href":"https:\/\/www.volksliederbund.de\/index.php?rest_route=\/wp\/v2\/pages"}],"about":[{"href":"https:\/\/www.volksliederbund.de\/index.php?rest_route=\/wp\/v2\/types\/page"}],"author":[{"embeddable":true,"href":"https:\/\/www.volksliederbund.de\/index.php?rest_route=\/wp\/v2\/users\/2"}],"replies":[{"embeddable":true,"href":"https:\/\/www.volksliederbund.de\/index.php?rest_route=%2Fwp%2Fv2%2Fcomments&post=367"}],"version-history":[{"count":16,"href":"https:\/\/www.volksliederbund.de\/index.php?rest_route=\/wp\/v2\/pages\/367\/revisions"}],"predecessor-version":[{"id":2003,"href":"https:\/\/www.volksliederbund.de\/index.php?rest_route=\/wp\/v2\/pages\/367\/revisions\/2003"}],"wp:attachment":[{"href":"https:\/\/www.volksliederbund.de\/index.php?rest_route=%2Fwp%2Fv2%2Fmedia&parent=367"}],"curies":[{"name":"wp","href":"https:\/\/api.w.org\/{rel}","templated":true}]}}