{"id":32,"date":"2023-06-21T15:50:35","date_gmt":"2023-06-21T13:50:35","guid":{"rendered":"http:\/\/www.xn--baumhuschen-p8a.de\/volibu\/?page_id=32"},"modified":"2023-06-21T15:50:12","modified_gmt":"2023-06-21T13:50:12","slug":"home","status":"publish","type":"page","link":"https:\/\/www.volksliederbund.de\/","title":{"rendered":"Home"},"content":{"rendered":"<p>&nbsp;<\/p>\n<p>&nbsp;<\/p>\n<p><span style=\"font-size: small;\">Der G.V. Volksliederbund Fl\u00f6rsheim besteht seit 1905. Aus Anlass des 100-j\u00e4hrigen Bestehens wurde&nbsp;dem Verein&nbsp;2005 f\u00fcr besondere Verdienste um die Pflege des deutschen Volksliedes die vom deutschen Bundespr\u00e4sidenten gestiftete <strong>Zelterplakette<\/strong> verliehen.&nbsp;Der Verein hat ca. 140 Mitglieder, davon sind ca. 43 S\u00e4nger. Wir treffen uns jeden Montag um 20 Uhr im Evangelischen Gemeindezentrum in Fl\u00f6rsheim. Kommen Sie doch mal vorbei!<\/span><\/p>\n<p><span style=\"font-size: small;\">Unser Repertoire besteht aus weltlichen und geistlichen Liedern verschiedener Sprachen und Epochen. Als Beispiel von einem unserer j\u00e4hrlichen Weihnachtskonzerte ist <\/span><span style=\"font-size: small;\">hier<\/span><span style=\"font-size: small;\"> eine <a href=\"http:\/\/www.volksliederbund.de\/wp-content\/uploads\/2009\/12\/Motette.mp3\">Kostprobe<\/a><\/span><\/p>\n<p><span style=\"font-size: small;\">Hier stellt sich Ihnen unser <a href=\"http:\/\/www.volksliederbund.de\/?page_id=5\">Vorstand<\/a> vor.<\/span><\/p>\n<p><span style=\"font-size: small;\">Sie m\u00f6chten mehr \u00fcber uns wissen? Haben Sie gute Ideen zu dieser Homepage? Dann schreiben Sie uns, wir freuen uns auf Ihre Nachricht.<br \/>\nMail : volksliederbund@unitybox.de<\/span><span style=\"font-size: small;\"><br \/>\n<\/span><\/p>\n<p><span style=\"font-size: small;\">Unsere <a href=\"http:\/\/www.volksliederbund.de\/?page_id=7\">Chronik\/Vereinsgeschichte<\/a><\/span><\/p>\n<p><span style=\"font-size: small;\">Diese Homepage wird aktualisiert von&nbsp; Margit Jost<br \/>\n<\/span><\/p>\n<p>&nbsp;<\/p>\n<p>Haftungshinweis:<\/p>\n<p>Trotz sorgf\u00e4ltiger inhaltlicher Kontrolle \u00fcbernehmen wir keine Gew\u00e4hr f\u00fcr die Richtigkeit unserer Seiten.Ebenso \u00fcbernehmen wir keine Haftung f\u00fcr die Inhalte externer Links,f\u00fcr deren Inhalt ausschlie\u00dflich die Betreiber jener Seiten verantwortlich sind.Alle auf den Seiten dieser Homepage ver\u00f6ffentlichten Objekte unterliegen dem Urheberrecht,das beim Gesangverein Volksliederbund Fl\u00f6rsheim am Main ,bzw. dem jeweiligen Autor liegt.<\/p>\n<p>&nbsp;<\/p>\n","protected":false},"excerpt":{"rendered":"<p>&nbsp; &nbsp; Der G.V. Volksliederbund Fl\u00f6rsheim besteht seit 1905. Aus Anlass des 100-j\u00e4hrigen Bestehens wurde&nbsp;dem Verein&nbsp;2005 f\u00fcr besondere Verdienste um die Pflege des deutschen Volksliedes die vom deutschen Bundespr\u00e4sidenten gestiftete Zelterplakette verliehen.&nbsp;Der Verein hat ca. 140 Mitglieder, davon sind ca. 43 S\u00e4nger. Wir treffen uns jeden Montag um 20 Uhr im Evangelischen Gemeindezentrum in Fl\u00f6rsheim. [&hellip;]<\/p>\n","protected":false},"author":1,"featured_media":0,"parent":0,"menu_order":0,"comment_status":"closed","ping_status":"open","template":"","meta":{"ngg_post_thumbnail":0,"footnotes":""},"class_list":["post-32","page","type-page","status-publish","hentry"],"jetpack_sharing_enabled":true,"_links":{"self":[{"href":"https:\/\/www.volksliederbund.de\/index.php?rest_route=\/wp\/v2\/pages\/32","targetHints":{"allow":["GET"]}}],"collection":[{"href":"https:\/\/www.volksliederbund.de\/index.php?rest_route=\/wp\/v2\/pages"}],"about":[{"href":"https:\/\/www.volksliederbund.de\/index.php?rest_route=\/wp\/v2\/types\/page"}],"author":[{"embeddable":true,"href":"https:\/\/www.volksliederbund.de\/index.php?rest_route=\/wp\/v2\/users\/1"}],"replies":[{"embeddable":true,"href":"https:\/\/www.volksliederbund.de\/index.php?rest_route=%2Fwp%2Fv2%2Fcomments&post=32"}],"version-history":[{"count":67,"href":"https:\/\/www.volksliederbund.de\/index.php?rest_route=\/wp\/v2\/pages\/32\/revisions"}],"predecessor-version":[{"id":1760,"href":"https:\/\/www.volksliederbund.de\/index.php?rest_route=\/wp\/v2\/pages\/32\/revisions\/1760"}],"wp:attachment":[{"href":"https:\/\/www.volksliederbund.de\/index.php?rest_route=%2Fwp%2Fv2%2Fmedia&parent=32"}],"curies":[{"name":"wp","href":"https:\/\/api.w.org\/{rel}","templated":true}]}}