{"id":1985,"date":"2025-06-05T19:40:12","date_gmt":"2025-06-05T17:40:12","guid":{"rendered":"http:\/\/www.volksliederbund.de\/?page_id=1985"},"modified":"2025-06-05T19:40:14","modified_gmt":"2025-06-05T17:40:14","slug":"sonstige-ausfluege","status":"publish","type":"page","link":"https:\/\/www.volksliederbund.de\/?page_id=1985","title":{"rendered":"Tagesausfl\u00fcge"},"content":{"rendered":"<p><strong>Volksliederbund besucht Firma JUWI<\/strong><\/p>\n<p><strong>&nbsp;<\/strong><\/p>\n<p><strong>Am&nbsp; Samstag , den 05.04.2025 unternahm der GV Volksliederbund einen Halbtagesausflug nach Rheinhessen. Bei herrlichem Wetter startete der voll besetzte Bus p\u00fcntlich um 14.00Uhr in Richtung W\u00f6rrstadt. Dort besichtigten die Teilnehmer der Fahrt die Firma Juwi, die sich mit der Planung und dem Verkauf sowohl von Windkraftanlagen als auch dem Vertrieb von gro\u00dfen Solaranlagen befasst. In einem ca. einst\u00fcndigen Vortrag erhielten die Teilnehmer\/innen Einblick in das Gesch\u00e4ftsfeld der Firma JUWI. Fast alle Windkraftanlagen im Rheinhessischen wurden von Juwi geplant und vertrieben. Interessant war der Aufbau von Windkraftanlagen, beginnend beim Fundament, dem Turm sowie den Windr\u00e4dern, die mittlerweile eine Spannweite von fast weit mehr als hundert Meter aufweisen. Die Kosten einer solchen Anlage betragen je nach Gr\u00f6\u00dfe zwischen 12 und 15 Millionen Euro. Juwi plant solche Anlagen weltweit. Die Firma beschr\u00e4nkt sich allerdings nur auf Planung und Ausf\u00fchrung solcher Anlagen, produziert wird von JUWI nicht. Erstaunt war der Vorsitzende, Peter Kluin, \u00fcber die Sozialleistungen, die von JUWI geboten werden. Auf dem Firmengel\u00e4nde befindet sich ein Fu\u00dfballfeld, ein Basketballfeld sowie weitere kleine Sportanlagen, die von den Mitarbeitern genutzt werden k\u00f6nnen. Den rund 1200 Mitarbeiter\/innen steht ein firmeneigener Kindergarten mit 70 Betreuungspl\u00e4tzen zur Verf\u00fcgung. Falls freie Pl\u00e4tze vorhanden sind, k\u00f6nnen diese auch von der Gemeinde W\u00f6rrstadt genutzt werden. In einer gro\u00dfen Kantine werden frische, regionale Produkte verwendet. Die Kantine steht auch der \u00d6ffentlichkeit zur Verf\u00fcgung. Sie versorgt au\u00dferdem die firmeneigenen Betreuungseinrichtungen und weitere Kinderg\u00e4rten in der Umgebung.<\/strong><\/p>\n<p><strong>Anschlie\u00dfend fuhr die Gruppe dann noch einige Orte in Rheinhessen an. Unter anderem erfuhren die Teilnehmer\/innen, dass der schiefste Turm der Welt nicht in Pisa sondern im Rheinhessischen Gau Weinheim steht. Von dort fuhr der Bus dann nach K\u00f6ngernheim, wo in der Strau\u00dfwirtschaft \u201eDietz\u201c in geselliger Runde der sch\u00f6ne Tag beschlossen wurde.<\/strong><\/p>\n","protected":false},"excerpt":{"rendered":"<p>Volksliederbund besucht Firma JUWI &nbsp; Am&nbsp; Samstag , den 05.04.2025 unternahm der GV Volksliederbund einen Halbtagesausflug nach Rheinhessen. Bei herrlichem Wetter startete der voll besetzte Bus p\u00fcntlich um 14.00Uhr in Richtung W\u00f6rrstadt. Dort besichtigten die Teilnehmer der Fahrt die Firma Juwi, die sich mit der Planung und dem Verkauf sowohl von Windkraftanlagen als auch dem [&hellip;]<\/p>\n","protected":false},"author":5,"featured_media":0,"parent":0,"menu_order":0,"comment_status":"closed","ping_status":"closed","template":"","meta":{"ngg_post_thumbnail":0,"footnotes":""},"class_list":["post-1985","page","type-page","status-publish","hentry"],"jetpack_sharing_enabled":true,"_links":{"self":[{"href":"https:\/\/www.volksliederbund.de\/index.php?rest_route=\/wp\/v2\/pages\/1985","targetHints":{"allow":["GET"]}}],"collection":[{"href":"https:\/\/www.volksliederbund.de\/index.php?rest_route=\/wp\/v2\/pages"}],"about":[{"href":"https:\/\/www.volksliederbund.de\/index.php?rest_route=\/wp\/v2\/types\/page"}],"author":[{"embeddable":true,"href":"https:\/\/www.volksliederbund.de\/index.php?rest_route=\/wp\/v2\/users\/5"}],"replies":[{"embeddable":true,"href":"https:\/\/www.volksliederbund.de\/index.php?rest_route=%2Fwp%2Fv2%2Fcomments&post=1985"}],"version-history":[{"count":4,"href":"https:\/\/www.volksliederbund.de\/index.php?rest_route=\/wp\/v2\/pages\/1985\/revisions"}],"predecessor-version":[{"id":1994,"href":"https:\/\/www.volksliederbund.de\/index.php?rest_route=\/wp\/v2\/pages\/1985\/revisions\/1994"}],"wp:attachment":[{"href":"https:\/\/www.volksliederbund.de\/index.php?rest_route=%2Fwp%2Fv2%2Fmedia&parent=1985"}],"curies":[{"name":"wp","href":"https:\/\/api.w.org\/{rel}","templated":true}]}}