{"id":1976,"date":"2025-05-23T16:00:17","date_gmt":"2025-05-23T14:00:17","guid":{"rendered":"http:\/\/www.volksliederbund.de\/?page_id=1976"},"modified":"2025-05-23T16:11:49","modified_gmt":"2025-05-23T14:11:49","slug":"jahreshauptversammlung-volksliederbund","status":"publish","type":"page","link":"https:\/\/www.volksliederbund.de\/?page_id=1976","title":{"rendered":"Jahreshauptversammlung  Volksliederbund"},"content":{"rendered":"<p>Am Mittwoch, den 30.04.2025 fand die diesj\u00e4hrige Jahreshauptversammlung des GV. Volksliederbund wie jedes Jahr im Gasthaus &#8222;Deutscher Hof&#8220; (Joffche) statt. Anwesend waren 20 Mitglieder. Da der 1. Schriftf\u00fchrer Rudolf Wagner krankheitsbedingt nicht teilnehmen konnte, verlas der 1.Vorsitzende Peter Kluin das Protokoll der letzten Jahreshauptversammlung. Es wurden dagegen keine Einw\u00e4nde erhoben und der 1. Schriftf\u00fchrer einstimmig entlastet. Anschlie\u00dfend wurde der Jahresbericht&nbsp; \u00fcber alle Aktivit\u00e4ten des Vereins im vergangenen Jahr verlesen. Die Teilnahme am Konzert des S\u00e4ngerkreises Mainspitze im R\u00fcsselsheimer Stadttheater war eines der besonderen Highlights . Desweiteren nahmen die S\u00e4nger wieder mit einer Gruppe am Fl\u00f6rsheimer Fastnachtszug teil, sowie am Sommerfest der Stadt Fl\u00f6rsheim und am Fl\u00f6rsheimer Weihnachtsmarkt. Ebenso wurden im letzten Jahr auch gesellige Aktivit\u00e4ten abgehalten. Nach einstimmiger Kenntnisnahme wurde der 1. Vorsitzende entsprechend entlastet.<\/p>\n<p>Hans Joachim Sch\u00e4fer und Norbert Duchmann verlasen anschlie\u00dfend als Kassenpr\u00fcfer den Kassenbericht. Sie berichteten, dass die Kasse intensiv gepr\u00fcft wurde und die Kasse tadellos gef\u00fchrt wird. Somit beantragten sie die Entlastung des 1. Kassierers Wolfgang Warth. Die Entlastung erfolgte einstimmig.<\/p>\n<p>Der n\u00e4chste Tagesordnungspunkt war die Neuwahl der 1. Vorstandsmitglieder. Alle derzeitigen Amtstr\u00e4ger waren bereit die Vorstandsarbeit fortzuf\u00fchren. Es wurde per Akklamation zugestimmt, da keine Gegenkandidaten zur Wahl standen. Daher wurden s\u00e4mtliche Vorstandsmitglieder einstimmig in ihrem Amt best\u00e4tigt.<\/p>\n<p>Dies sind:<\/p>\n<p>Peter Kluin (1.Vorsitzender), Rudolf Wagner (1. Schriftf\u00fchrer), Wolfgang Warth (1. Kassierer). Neugew\u00e4hlt als Kassenpr\u00fcfer wurden die Mitglieder Klaus Pohlmann und Detlev Dreisbach. Nach ca. einer Stunde wurde die Jahreshauptversammlung geschlossen. Es wurde festgestellt, dass diese \u00e4u\u00dferst harmonisch verlief.<\/p>\n<p>&nbsp;<\/p>\n","protected":false},"excerpt":{"rendered":"<p>Am Mittwoch, den 30.04.2025 fand die diesj\u00e4hrige Jahreshauptversammlung des GV. Volksliederbund wie jedes Jahr im Gasthaus &#8222;Deutscher Hof&#8220; (Joffche) statt. Anwesend waren 20 Mitglieder. Da der 1. Schriftf\u00fchrer Rudolf Wagner krankheitsbedingt nicht teilnehmen konnte, verlas der 1.Vorsitzende Peter Kluin das Protokoll der letzten Jahreshauptversammlung. Es wurden dagegen keine Einw\u00e4nde erhoben und der 1. Schriftf\u00fchrer einstimmig [&hellip;]<\/p>\n","protected":false},"author":5,"featured_media":0,"parent":0,"menu_order":0,"comment_status":"closed","ping_status":"closed","template":"","meta":{"ngg_post_thumbnail":0,"footnotes":""},"class_list":["post-1976","page","type-page","status-publish","hentry"],"jetpack_sharing_enabled":true,"_links":{"self":[{"href":"https:\/\/www.volksliederbund.de\/index.php?rest_route=\/wp\/v2\/pages\/1976","targetHints":{"allow":["GET"]}}],"collection":[{"href":"https:\/\/www.volksliederbund.de\/index.php?rest_route=\/wp\/v2\/pages"}],"about":[{"href":"https:\/\/www.volksliederbund.de\/index.php?rest_route=\/wp\/v2\/types\/page"}],"author":[{"embeddable":true,"href":"https:\/\/www.volksliederbund.de\/index.php?rest_route=\/wp\/v2\/users\/5"}],"replies":[{"embeddable":true,"href":"https:\/\/www.volksliederbund.de\/index.php?rest_route=%2Fwp%2Fv2%2Fcomments&post=1976"}],"version-history":[{"count":3,"href":"https:\/\/www.volksliederbund.de\/index.php?rest_route=\/wp\/v2\/pages\/1976\/revisions"}],"predecessor-version":[{"id":1979,"href":"https:\/\/www.volksliederbund.de\/index.php?rest_route=\/wp\/v2\/pages\/1976\/revisions\/1979"}],"wp:attachment":[{"href":"https:\/\/www.volksliederbund.de\/index.php?rest_route=%2Fwp%2Fv2%2Fmedia&parent=1976"}],"curies":[{"name":"wp","href":"https:\/\/api.w.org\/{rel}","templated":true}]}}