{"id":1958,"date":"2025-12-01T11:50:23","date_gmt":"2025-12-01T09:50:23","guid":{"rendered":"http:\/\/www.volksliederbund.de\/?page_id=1958"},"modified":"2025-12-01T12:50:13","modified_gmt":"2025-12-01T10:50:13","slug":"saengerreise-2025","status":"publish","type":"page","link":"https:\/\/www.volksliederbund.de\/?page_id=1958","title":{"rendered":"S\u00e4ngerreise 2026"},"content":{"rendered":"<h3>geplante S\u00e4ngerreise vom 18.09.1026 bis 21.09.202, 4 Tage Allg\u00e4u-Oberschwaben Vorschau<\/h3>\n<p><strong>Freitag 18.09.2026<\/strong><\/p>\n<p>Um 6:30 Uhr startet die Reise in einem komfortablen Fernreisebus. Die Fahrt f\u00fchrt zun\u00e4chst nach Stuttgart, wo wir gegen 9:00 Uhr am Mercedes -Benz Museum eintreffen. Wer m\u00f6chte hat in der N\u00e4he des Museums die M\u00f6glichkeit, in einem der umliegenden Restaurants ein gem\u00fctliches Fr\u00fchst\u00fcck einzunehmen. Das Mercedes-Benz Museum begeistert auf einer beeindruckenden Ausstellungsfl\u00e4che von rund 16.500 qm mit der faszinierenden Geschichte des Automobils. Auf mehreren Ebenen erleben die Besucher eine einzigartige Zeitreise durch Technik und Design:historische Fahrzeuge, legend\u00e4re Rennwagen und spannende thematische Sonderbereiche lassen Herzen von Automobilfreunden h\u00f6her schlagen. Eintritt f\u00fcr Senioren 8,00 \u20ac, f\u00fcr Gruppen ab 10 Personen 11,00 \u20ac bzw. nur 5,00 \u20ac f\u00fcr erm\u00e4igte Besucher &#8211; mit Ausweis.<\/p>\n<p>Gegen Mittag fahren wir dann weiter zum Hotel Ochsen in Kisslegg, ca.200 km von Stuttgart entfernt. Das Hotel liegt im Zentrum von Kisslegg, in ruhiger Lage am Schlosspark. Kostenfreie Nutzung des Karuun Heimat Spa. Zimmer sind mit Dusche, Sat-TV und Direktwahltelefon ausgestattet. Einige Zimmer gibt es f\u00fcr Rollstuhlfahrer. Das Hotelrestaurant serviert schw\u00e4bische und internationale Gerichte.<\/p>\n<p>Im Reisepreis ist bereits eine F\u00fchrung durch die hauseigene Brauerei und Destillerie mit anschliessender Verkostung enthalten. Zus\u00e4tzlich erhalten die G\u00e4ste die Oberschwaben-Allg\u00e4u Auszeit Card ,die zahlreiche kostenfreie Vorteile bietet. Am Abend erwartet die Gruppe ein stimmungsvoller Unterhaltungsabend mit einem Alleinunterhalter.<\/p>\n<p><strong>Samstag 19.09.2026 Allg\u00e4urundfahrt \/Brauereibesuch<\/strong><\/p>\n<p>Heute entdecken Sie das Allg\u00e4u in seiner ganzen Vielfalt &#8211; von malerischen D\u00f6rfern \u00fcber idyllische Seen bis hin zu eindrucksvollen Alpenpanoramen.<\/p>\n<p>Die Fahrt f\u00fchrt zun\u00e4chst durch den Westallg\u00e4u nach Isny, einer charmanten Kleinstadt mit mittelalterlichem Stadtkern. Bei einem kurzen Rundgang k\u00f6nnen wir das barocke Wassertor, die Nikolaikirche und die malerischen Gassen entdecken.<\/p>\n<p>Danach fahren wir zu dem lebendigen Kurort &#8222;Oberstaufen&#8220;, der f\u00fcr seine &#8222;Schrothkur&#8220; ber\u00fchmt ist.Hier ist Zeit f\u00fcr einen Spaziergang durchs Ort oder eine Kaffepause. Danach geht es weiter nach Immenstadt, der \u00e4ltesten Stadt des Oberallg\u00e4us. Ein besonderes Highlight ist der Stopp am Gro\u00dfen Alpsee, dem gr\u00f6\u00dften Natursee des Allg\u00e4us. Hier k\u00f6nnen wir die frische Bergluft geniessen, einen kleinen Uferspaziergang machen oder bei einer Tasse Kaffee verweilen. Die Rundfahrt geht weiter nach Kempten wo Zeit f\u00fcr ein gemeinsames Mittagessen oder Erkundungen in der Altstadt bleiben. Kempten gilt als die &#8222;Hauptstadt des Allg\u00e4us.&#8220;<\/p>\n<p>Am Nachmittag geht es zur\u00fcck in Richtung Kisslegg zum Hotel. Am Abend Halbpensionsmen\u00fc im Hotelrestaurant.<\/p>\n<p><strong>Sonntag 20.09.2026 Bodensee und Lindau<\/strong><\/p>\n<p>Heute fahren wir an das &#8222;Schw\u00e4bische Meer&#8220; &#8211; den Bodensee &#8211; und genie\u00dfen eine Mischung aus Musik, Kultur&nbsp; und Natur. Nach dem Fr\u00fchst\u00fcck fahren wir mit Reiseleitung nach Lindau. Wir machen einen Spaziergang durch die Altstadt und dem malerischen Hafen. Mittags geht es gemeinsam zu einem Gasthaus oder Restaurant am See, wo regionale Spezialit\u00e4ten genossen werden k\u00f6nnen. Im Anschluss startet eine Schifffahrt auf dem Bodensee &#8211; je nach Zeit entweder rund um Lindau oder eine Fahrt nach Bregenz (\u00d6sterreich) mit kurzem Aufenthalt.<\/p>\n<p>Am Nachmittag erfolgt die R\u00fcckreise zu unserem Hotel Ochsen in Kisslegg. Anschlie\u00dfend Abendessen.<\/p>\n<p><strong>Montag 21.09.2026 Memmingen \/R\u00fcckreise (ca.380 km)<\/strong><\/p>\n<p>Nach dem Fr\u00fchst\u00fcck und der Gep\u00e4ckverladung fahren wir zun\u00e4chst nach Memmingen. Dort erwartet uns eine gef\u00fchrte Stadtbesichtigung, bei der die historische Altstdt mit ihren prachtvollen Patrizierh\u00e4usern, den mittelalterlichen Toren, der Stadtmauer und dem sch\u00f6nen Marktplatz erkundet wird. W\u00e4hrend des Rundgangs erfahren die Teilnehmer spannendes \u00fcber die Vergangenheit Memmingens, der &#8222;Torstadt zum Allg\u00e4u&#8220;.<\/p>\n<p>Im Anschluss bleibt noch Zeit f\u00fcr ein gemeinsames Mittagessen. Anschlie\u00dfend treten wir mit vielen sch\u00f6nen Eindr\u00fccken die Heimreise nach Fl\u00f6rsheim an, das wir gegen Abend erreichen werden.<\/p>\n<p><strong>Bei allen Aktivit\u00e4ten behalten wir uns \u00c4nderungen vor, da dies das vorl\u00e4ufige Programm ist.<\/strong><\/p>\n<p>Der Preis pro Person betr\u00e4gt ab 45 Personen 465,00 \u20acpro Person und der Einzelzimmerzuschlag 90,00 \u20ac pro Person, Kurtaxe pro \u00dcbernachtung 2,10\u20ac pro Person.<\/p>\n<p>Im Reisepreis enthalten: Busfahrt , 3 \u00dcbernachtungen im Hotel Ochsen Kisslegg Doppel mit Du.\/WC incl. Fr\u00fchst\u00fccksbuffet, 3 Gang Abendessen in Bufettform,&nbsp; F\u00fchrung durch die hauseigene Brauerei incl. Verkostung, Alleinunterhalter im Hotel.<\/p>\n<p>Ausflugsfahrten mit \u00f6rtlicher Reiseleitung.<\/p>\n<p>&nbsp;<\/p>\n<p>&nbsp;<\/p>\n","protected":false},"excerpt":{"rendered":"<p>geplante S\u00e4ngerreise vom 18.09.1026 bis 21.09.202, 4 Tage Allg\u00e4u-Oberschwaben Vorschau Freitag 18.09.2026 Um 6:30 Uhr startet die Reise in einem komfortablen Fernreisebus. Die Fahrt f\u00fchrt zun\u00e4chst nach Stuttgart, wo wir gegen 9:00 Uhr am Mercedes -Benz Museum eintreffen. Wer m\u00f6chte hat in der N\u00e4he des Museums die M\u00f6glichkeit, in einem der umliegenden Restaurants ein gem\u00fctliches [&hellip;]<\/p>\n","protected":false},"author":5,"featured_media":0,"parent":0,"menu_order":0,"comment_status":"closed","ping_status":"closed","template":"","meta":{"ngg_post_thumbnail":0,"footnotes":""},"class_list":["post-1958","page","type-page","status-publish","hentry"],"jetpack_sharing_enabled":true,"_links":{"self":[{"href":"https:\/\/www.volksliederbund.de\/index.php?rest_route=\/wp\/v2\/pages\/1958","targetHints":{"allow":["GET"]}}],"collection":[{"href":"https:\/\/www.volksliederbund.de\/index.php?rest_route=\/wp\/v2\/pages"}],"about":[{"href":"https:\/\/www.volksliederbund.de\/index.php?rest_route=\/wp\/v2\/types\/page"}],"author":[{"embeddable":true,"href":"https:\/\/www.volksliederbund.de\/index.php?rest_route=\/wp\/v2\/users\/5"}],"replies":[{"embeddable":true,"href":"https:\/\/www.volksliederbund.de\/index.php?rest_route=%2Fwp%2Fv2%2Fcomments&post=1958"}],"version-history":[{"count":15,"href":"https:\/\/www.volksliederbund.de\/index.php?rest_route=\/wp\/v2\/pages\/1958\/revisions"}],"predecessor-version":[{"id":2019,"href":"https:\/\/www.volksliederbund.de\/index.php?rest_route=\/wp\/v2\/pages\/1958\/revisions\/2019"}],"wp:attachment":[{"href":"https:\/\/www.volksliederbund.de\/index.php?rest_route=%2Fwp%2Fv2%2Fmedia&parent=1958"}],"curies":[{"name":"wp","href":"https:\/\/api.w.org\/{rel}","templated":true}]}}