{"id":7,"date":"2009-10-26T16:24:30","date_gmt":"2009-10-26T14:24:30","guid":{"rendered":"http:\/\/www.xn--baumhuschen-p8a.de\/volibu\/?page_id=7"},"modified":"2018-08-05T15:16:59","modified_gmt":"2018-08-05T13:16:59","slug":"chronik","status":"publish","type":"page","link":"http:\/\/www.volksliederbund.de\/?page_id=7","title":{"rendered":"Chronik\/Vereinsgeschichte"},"content":{"rendered":"<p style=\"text-align: center; margin-bottom: 12pt;\">In der Vereinschronik werden die wichtigsten Ereignisse des 100-j\u00e4hrigen Vereinslebens zusammengefasst.<\/p>\n<p style=\"text-align: center; margin-bottom: 12pt;\">Wir wollen nat\u00fcrlich besonders in die Zukunft schauen. Vorschl\u00e4ge nimmt der Vorstand gerne entgegen.<\/p>\n<p style=\"text-align: center; margin-bottom: 12pt;\">&nbsp;<\/p>\n<p style=\"text-align: center; margin-bottom: 12pt;\">Die aktuelle Chronik kann <a href=\"http:\/\/www.volksliederbund.de\/wp-content\/uploads\/2010\/03\/Chronik.pdf\">hier<\/a>&nbsp;herunter geladen werden.<\/p>\n","protected":false},"excerpt":{"rendered":"<p>In der Vereinschronik werden die wichtigsten Ereignisse des 100-j\u00e4hrigen Vereinslebens zusammengefasst. Wir wollen nat\u00fcrlich besonders in die Zukunft schauen. Vorschl\u00e4ge nimmt der Vorstand gerne entgegen. &nbsp; Die aktuelle Chronik kann hier&nbsp;herunter geladen werden.<\/p>\n","protected":false},"author":1,"featured_media":0,"parent":0,"menu_order":1,"comment_status":"closed","ping_status":"open","template":"","meta":{"ngg_post_thumbnail":0,"footnotes":""},"class_list":["post-7","page","type-page","status-publish","hentry"],"jetpack_sharing_enabled":true,"_links":{"self":[{"href":"http:\/\/www.volksliederbund.de\/index.php?rest_route=\/wp\/v2\/pages\/7","targetHints":{"allow":["GET"]}}],"collection":[{"href":"http:\/\/www.volksliederbund.de\/index.php?rest_route=\/wp\/v2\/pages"}],"about":[{"href":"http:\/\/www.volksliederbund.de\/index.php?rest_route=\/wp\/v2\/types\/page"}],"author":[{"embeddable":true,"href":"http:\/\/www.volksliederbund.de\/index.php?rest_route=\/wp\/v2\/users\/1"}],"replies":[{"embeddable":true,"href":"http:\/\/www.volksliederbund.de\/index.php?rest_route=%2Fwp%2Fv2%2Fcomments&post=7"}],"version-history":[{"count":23,"href":"http:\/\/www.volksliederbund.de\/index.php?rest_route=\/wp\/v2\/pages\/7\/revisions"}],"predecessor-version":[{"id":1647,"href":"http:\/\/www.volksliederbund.de\/index.php?rest_route=\/wp\/v2\/pages\/7\/revisions\/1647"}],"wp:attachment":[{"href":"http:\/\/www.volksliederbund.de\/index.php?rest_route=%2Fwp%2Fv2%2Fmedia&parent=7"}],"curies":[{"name":"wp","href":"https:\/\/api.w.org\/{rel}","templated":true}]}}