{"id":5,"date":"2023-07-26T19:37:57","date_gmt":"2023-07-26T17:37:57","guid":{"rendered":"http:\/\/www.xn--baumhuschen-p8a.de\/volibu\/?page_id=5"},"modified":"2023-07-31T11:47:30","modified_gmt":"2023-07-31T09:47:30","slug":"vorstand","status":"publish","type":"page","link":"http:\/\/www.volksliederbund.de\/?page_id=5","title":{"rendered":"Vorstand"},"content":{"rendered":"<p>Gesch\u00e4ftsf\u00fchrender Vorstand<\/p>\nngg_shortcode_0_placeholder\n<p>Erweiterter Vorstand<\/p>\nngg_shortcode_1_placeholder\n<p>Vergn\u00fcgungsausschuss<\/p>\nngg_shortcode_2_placeholder\n<p>Pressewart und Notenwart<\/p>\nngg_shortcode_3_placeholder\n<p>Dirigenten<\/p>\nngg_shortcode_4_placeholder\n<p>&nbsp;<\/p>\n","protected":false},"excerpt":{"rendered":"<p>Gesch\u00e4ftsf\u00fchrender Vorstand Erweiterter Vorstand Vergn\u00fcgungsausschuss Pressewart und Notenwart Dirigenten &nbsp;<\/p>\n","protected":false},"author":1,"featured_media":0,"parent":0,"menu_order":2,"comment_status":"closed","ping_status":"open","template":"","meta":{"ngg_post_thumbnail":0,"footnotes":""},"class_list":["post-5","page","type-page","status-publish","hentry"],"jetpack_sharing_enabled":true,"_links":{"self":[{"href":"http:\/\/www.volksliederbund.de\/index.php?rest_route=\/wp\/v2\/pages\/5","targetHints":{"allow":["GET"]}}],"collection":[{"href":"http:\/\/www.volksliederbund.de\/index.php?rest_route=\/wp\/v2\/pages"}],"about":[{"href":"http:\/\/www.volksliederbund.de\/index.php?rest_route=\/wp\/v2\/types\/page"}],"author":[{"embeddable":true,"href":"http:\/\/www.volksliederbund.de\/index.php?rest_route=\/wp\/v2\/users\/1"}],"replies":[{"embeddable":true,"href":"http:\/\/www.volksliederbund.de\/index.php?rest_route=%2Fwp%2Fv2%2Fcomments&post=5"}],"version-history":[{"count":25,"href":"http:\/\/www.volksliederbund.de\/index.php?rest_route=\/wp\/v2\/pages\/5\/revisions"}],"predecessor-version":[{"id":1771,"href":"http:\/\/www.volksliederbund.de\/index.php?rest_route=\/wp\/v2\/pages\/5\/revisions\/1771"}],"wp:attachment":[{"href":"http:\/\/www.volksliederbund.de\/index.php?rest_route=%2Fwp%2Fv2%2Fmedia&parent=5"}],"curies":[{"name":"wp","href":"https:\/\/api.w.org\/{rel}","templated":true}]}}